{"id":5996,"date":"2023-06-07T11:26:37","date_gmt":"2023-06-07T08:26:37","guid":{"rendered":"https:\/\/palowise.ai\/customer-case-studies\/retail-ecommerce\/"},"modified":"2023-06-07T11:26:37","modified_gmt":"2023-06-07T08:26:37","slug":"retail-ecommerce","status":"publish","type":"page","link":"https:\/\/palowise.ai\/es\/customer-case-studies\/retail-ecommerce\/","title":{"rendered":"Comercio minorista y comercio electr\u00f3nico"},"content":{"rendered":"","protected":false},"excerpt":{"rendered":"","protected":false},"author":2,"featured_media":0,"parent":5264,"menu_order":3,"comment_status":"closed","ping_status":"closed","template":"page-case-study.php","meta":{"footnotes":""},"class_list":["post-5996","page","type-page","status-publish","hentry"],"acf":[],"yoast_head":"<!-- This site is optimized with the Yoast SEO plugin v27.1.1 - https:\/\/yoast.com\/product\/yoast-seo-wordpress\/ -->\n<title>Comercio minorista y comercio electr\u00f3nico - Palowise<\/title>\n<meta name=\"description\" content=\"Tommy Hilfiger, una reconocida marca de moda, contrat\u00f3 los servicios de Palowise para optimizar su estrategia de marketing de influencers. Gracias a nuestra plataforma, pudieron identificar y evaluar a diversos influencers que compart\u00edan los valores de su marca. Un logro destacado para Tommy Hilfiger fue la mejora en la interacci\u00f3n en redes sociales y el reconocimiento de marca, conseguida mediante colaboraciones con estos influencers. Al utilizar Palowise, Tommy Hilfiger agiliz\u00f3 su proceso de b\u00fasqueda y selecci\u00f3n de influencers, lo que se tradujo en campa\u00f1as m\u00e1s efectivas y una mayor presencia online.\" \/>\n<meta name=\"robots\" content=\"index, follow, max-snippet:-1, max-image-preview:large, max-video-preview:-1\" \/>\n<link rel=\"canonical\" href=\"https:\/\/palowise.ai\/es\/customer-case-studies\/retail-ecommerce\/\" \/>\n<meta property=\"og:locale\" content=\"es_ES\" \/>\n<meta property=\"og:type\" content=\"article\" \/>\n<meta property=\"og:title\" content=\"Comercio minorista y comercio electr\u00f3nico - Palowise\" \/>\n<meta property=\"og:description\" content=\"Tommy Hilfiger, una reconocida marca de moda, contrat\u00f3 los servicios de Palowise para optimizar su estrategia de marketing de influencers. Gracias a nuestra plataforma, pudieron identificar y evaluar a diversos influencers que compart\u00edan los valores de su marca. Un logro destacado para Tommy Hilfiger fue la mejora en la interacci\u00f3n en redes sociales y el reconocimiento de marca, conseguida mediante colaboraciones con estos influencers. Al utilizar Palowise, Tommy Hilfiger agiliz\u00f3 su proceso de b\u00fasqueda y selecci\u00f3n de influencers, lo que se tradujo en campa\u00f1as m\u00e1s efectivas y una mayor presencia online.\" \/>\n<meta property=\"og:url\" content=\"https:\/\/palowise.ai\/es\/customer-case-studies\/retail-ecommerce\/\" \/>\n<meta property=\"og:site_name\" content=\"Palowise\" \/>\n<meta property=\"og:image\" content=\"https:\/\/palowise.ai\/wp-content\/uploads\/2023\/02\/home-icon-1.png\" \/>\n\t<meta property=\"og:image:width\" content=\"943\" \/>\n\t<meta property=\"og:image:height\" content=\"408\" \/>\n\t<meta property=\"og:image:type\" content=\"image\/png\" \/>\n<meta name=\"twitter:card\" content=\"summary_large_image\" \/>\n<script type=\"application\/ld+json\" class=\"yoast-schema-graph\">{\"@context\":\"https:\/\/schema.org\",\"@graph\":[{\"@type\":\"WebPage\",\"@id\":\"https:\/\/palowise.ai\/es\/customer-case-studies\/retail-ecommerce\/\",\"url\":\"https:\/\/palowise.ai\/es\/customer-case-studies\/retail-ecommerce\/\",\"name\":\"Comercio minorista y comercio electr\u00f3nico - Palowise\",\"isPartOf\":{\"@id\":\"https:\/\/palowise.ai\/es\/#website\"},\"datePublished\":\"2023-06-07T08:26:37+00:00\",\"description\":\"Tommy Hilfiger, una reconocida marca de moda, contrat\u00f3 los servicios de Palowise para optimizar su estrategia de marketing de influencers. Gracias a nuestra plataforma, pudieron identificar y evaluar a diversos influencers que compart\u00edan los valores de su marca. Un logro destacado para Tommy Hilfiger fue la mejora en la interacci\u00f3n en redes sociales y el reconocimiento de marca, conseguida mediante colaboraciones con estos influencers. Al utilizar Palowise, Tommy Hilfiger agiliz\u00f3 su proceso de b\u00fasqueda y selecci\u00f3n de influencers, lo que se tradujo en campa\u00f1as m\u00e1s efectivas y una mayor presencia online.\",\"breadcrumb\":{\"@id\":\"https:\/\/palowise.ai\/es\/customer-case-studies\/retail-ecommerce\/#breadcrumb\"},\"inLanguage\":\"es-ES\",\"potentialAction\":[{\"@type\":\"ReadAction\",\"target\":[\"https:\/\/palowise.ai\/es\/customer-case-studies\/retail-ecommerce\/\"]}]},{\"@type\":\"BreadcrumbList\",\"@id\":\"https:\/\/palowise.ai\/es\/customer-case-studies\/retail-ecommerce\/#breadcrumb\",\"itemListElement\":[{\"@type\":\"ListItem\",\"position\":1,\"name\":\"Home\",\"item\":\"https:\/\/palowise.ai\/es\/home-new\/\"},{\"@type\":\"ListItem\",\"position\":2,\"name\":\"Estudios de casos de clientes\",\"item\":\"https:\/\/palowise.ai\/es\/customer-case-studies\/\"},{\"@type\":\"ListItem\",\"position\":3,\"name\":\"Comercio minorista y comercio electr\u00f3nico\"}]},{\"@type\":\"WebSite\",\"@id\":\"https:\/\/palowise.ai\/es\/#website\",\"url\":\"https:\/\/palowise.ai\/es\/\",\"name\":\"Palowise\",\"description\":\"This is palowise\",\"potentialAction\":[{\"@type\":\"SearchAction\",\"target\":{\"@type\":\"EntryPoint\",\"urlTemplate\":\"https:\/\/palowise.ai\/es\/?s={search_term_string}\"},\"query-input\":{\"@type\":\"PropertyValueSpecification\",\"valueRequired\":true,\"valueName\":\"search_term_string\"}}],\"inLanguage\":\"es-ES\"}]}<\/script>\n<!-- \/ Yoast SEO plugin. -->","yoast_head_json":{"title":"Comercio minorista y comercio electr\u00f3nico - Palowise","description":"Tommy Hilfiger, una reconocida marca de moda, contrat\u00f3 los servicios de Palowise para optimizar su estrategia de marketing de influencers. Gracias a nuestra plataforma, pudieron identificar y evaluar a diversos influencers que compart\u00edan los valores de su marca. Un logro destacado para Tommy Hilfiger fue la mejora en la interacci\u00f3n en redes sociales y el reconocimiento de marca, conseguida mediante colaboraciones con estos influencers. Al utilizar Palowise, Tommy Hilfiger agiliz\u00f3 su proceso de b\u00fasqueda y selecci\u00f3n de influencers, lo que se tradujo en campa\u00f1as m\u00e1s efectivas y una mayor presencia online.","robots":{"index":"index","follow":"follow","max-snippet":"max-snippet:-1","max-image-preview":"max-image-preview:large","max-video-preview":"max-video-preview:-1"},"canonical":"https:\/\/palowise.ai\/es\/customer-case-studies\/retail-ecommerce\/","og_locale":"es_ES","og_type":"article","og_title":"Comercio minorista y comercio electr\u00f3nico - Palowise","og_description":"Tommy Hilfiger, una reconocida marca de moda, contrat\u00f3 los servicios de Palowise para optimizar su estrategia de marketing de influencers. Gracias a nuestra plataforma, pudieron identificar y evaluar a diversos influencers que compart\u00edan los valores de su marca. Un logro destacado para Tommy Hilfiger fue la mejora en la interacci\u00f3n en redes sociales y el reconocimiento de marca, conseguida mediante colaboraciones con estos influencers. Al utilizar Palowise, Tommy Hilfiger agiliz\u00f3 su proceso de b\u00fasqueda y selecci\u00f3n de influencers, lo que se tradujo en campa\u00f1as m\u00e1s efectivas y una mayor presencia online.","og_url":"https:\/\/palowise.ai\/es\/customer-case-studies\/retail-ecommerce\/","og_site_name":"Palowise","og_image":[{"width":943,"height":408,"url":"https:\/\/palowise.ai\/wp-content\/uploads\/2023\/02\/home-icon-1.png","type":"image\/png"}],"twitter_card":"summary_large_image","schema":{"@context":"https:\/\/schema.org","@graph":[{"@type":"WebPage","@id":"https:\/\/palowise.ai\/es\/customer-case-studies\/retail-ecommerce\/","url":"https:\/\/palowise.ai\/es\/customer-case-studies\/retail-ecommerce\/","name":"Comercio minorista y comercio electr\u00f3nico - Palowise","isPartOf":{"@id":"https:\/\/palowise.ai\/es\/#website"},"datePublished":"2023-06-07T08:26:37+00:00","description":"Tommy Hilfiger, una reconocida marca de moda, contrat\u00f3 los servicios de Palowise para optimizar su estrategia de marketing de influencers. Gracias a nuestra plataforma, pudieron identificar y evaluar a diversos influencers que compart\u00edan los valores de su marca. Un logro destacado para Tommy Hilfiger fue la mejora en la interacci\u00f3n en redes sociales y el reconocimiento de marca, conseguida mediante colaboraciones con estos influencers. Al utilizar Palowise, Tommy Hilfiger agiliz\u00f3 su proceso de b\u00fasqueda y selecci\u00f3n de influencers, lo que se tradujo en campa\u00f1as m\u00e1s efectivas y una mayor presencia online.","breadcrumb":{"@id":"https:\/\/palowise.ai\/es\/customer-case-studies\/retail-ecommerce\/#breadcrumb"},"inLanguage":"es-ES","potentialAction":[{"@type":"ReadAction","target":["https:\/\/palowise.ai\/es\/customer-case-studies\/retail-ecommerce\/"]}]},{"@type":"BreadcrumbList","@id":"https:\/\/palowise.ai\/es\/customer-case-studies\/retail-ecommerce\/#breadcrumb","itemListElement":[{"@type":"ListItem","position":1,"name":"Home","item":"https:\/\/palowise.ai\/es\/home-new\/"},{"@type":"ListItem","position":2,"name":"Estudios de casos de clientes","item":"https:\/\/palowise.ai\/es\/customer-case-studies\/"},{"@type":"ListItem","position":3,"name":"Comercio minorista y comercio electr\u00f3nico"}]},{"@type":"WebSite","@id":"https:\/\/palowise.ai\/es\/#website","url":"https:\/\/palowise.ai\/es\/","name":"Palowise","description":"This is palowise","potentialAction":[{"@type":"SearchAction","target":{"@type":"EntryPoint","urlTemplate":"https:\/\/palowise.ai\/es\/?s={search_term_string}"},"query-input":{"@type":"PropertyValueSpecification","valueRequired":true,"valueName":"search_term_string"}}],"inLanguage":"es-ES"}]}},"_links":{"self":[{"href":"https:\/\/palowise.ai\/es\/wp-json\/wp\/v2\/pages\/5996","targetHints":{"allow":["GET"]}}],"collection":[{"href":"https:\/\/palowise.ai\/es\/wp-json\/wp\/v2\/pages"}],"about":[{"href":"https:\/\/palowise.ai\/es\/wp-json\/wp\/v2\/types\/page"}],"author":[{"embeddable":true,"href":"https:\/\/palowise.ai\/es\/wp-json\/wp\/v2\/users\/2"}],"replies":[{"embeddable":true,"href":"https:\/\/palowise.ai\/es\/wp-json\/wp\/v2\/comments?post=5996"}],"version-history":[{"count":0,"href":"https:\/\/palowise.ai\/es\/wp-json\/wp\/v2\/pages\/5996\/revisions"}],"up":[{"embeddable":true,"href":"https:\/\/palowise.ai\/es\/wp-json\/wp\/v2\/pages\/5264"}],"wp:attachment":[{"href":"https:\/\/palowise.ai\/es\/wp-json\/wp\/v2\/media?parent=5996"}],"curies":[{"name":"wp","href":"https:\/\/api.w.org\/{rel}","templated":true}]}}